{"id":2,"date":"2023-10-08T19:31:40","date_gmt":"2023-10-08T17:31:40","guid":{"rendered":"http:\/\/lugadapte.com\/?page_id=2"},"modified":"2023-10-09T15:30:05","modified_gmt":"2023-10-09T13:30:05","slug":"page-d-exemple","status":"publish","type":"page","link":"https:\/\/lugadapte.com\/index.php\/page-d-exemple\/","title":{"rendered":"Mon m\u00e9tier de Coach"},"content":{"rendered":"\n<p>Le m\u00e9tier de coach sportif consiste \u00e0 \u00e9laborer des programmes sportifs adapt\u00e9s aux besoins et aux objectifs de ses clients. Il peut travailler dans un club de sport, une salle de remise en forme ou \u00e0 domicile. Le coach sportif accompagne les usagers dans leur pratique sportive, individuellement ou en groupe, en tenant compte de leurs attentes sp\u00e9cifiques (musculation, perte de poids, assouplissement\u2026). Il peut \u00e9galement animer des cours collectifs (stretching, cardio-training, fitness\u2026). Pour cela, il doit pr\u00e9parer au pr\u00e9alable l\u2019animation, les chor\u00e9graphies, et la musique d\u2019accompagnement appropri\u00e9e. Certains coachs exercent leur activit\u00e9 en ind\u00e9pendant, et conseillent les particuliers, sportifs amateurs ou professionnels, \u00e0 domicile.<\/p>\n\n\n\n<p class=\"has-text-align-center\">Le coach sportif doit \u00eatre capable d\u2019adapter ses programmes d\u2019entra\u00eenement en fonction du profil de son ou ses \u00e9l\u00e8ves. Il doit \u00e9galement \u00eatre capable d\u2019\u00e9valuer leurs capacit\u00e9s physiques et leur niveau pour mettre en place un programme d\u2019entra\u00eenement adapt\u00e9 et personnalis\u00e9. Il veille \u00e0 son d\u00e9roulement et \u00e0 sa bonne mise en pratique technique (postures, s\u00e9curit\u00e9 dans l\u2019utilisation des appareils, sant\u00e9\u2026). Au-del\u00e0 de l\u2019entra\u00eenement purement physique, il est aussi un pr\u00e9parateur mental, qui encourage son \u00e9l\u00e8ve et l\u2019\u00e9duque aux bonnes pratiques physiques et di\u00e9t\u00e9tiques.<img loading=\"lazy\" decoding=\"async\" width=\"600\" height=\"600\" class=\"wp-image-17\" style=\"width: 600px;\" src=\"https:\/\/lugadapte.com\/wp-content\/uploads\/2023\/10\/3582369.jpg\" alt=\"\" srcset=\"https:\/\/lugadapte.com\/wp-content\/uploads\/2023\/10\/3582369.jpg 2000w, https:\/\/lugadapte.com\/wp-content\/uploads\/2023\/10\/3582369-300x300.jpg 300w, https:\/\/lugadapte.com\/wp-content\/uploads\/2023\/10\/3582369-1024x1024.jpg 1024w, https:\/\/lugadapte.com\/wp-content\/uploads\/2023\/10\/3582369-150x150.jpg 150w, https:\/\/lugadapte.com\/wp-content\/uploads\/2023\/10\/3582369-768x768.jpg 768w, https:\/\/lugadapte.com\/wp-content\/uploads\/2023\/10\/3582369-1536x1536.jpg 1536w, https:\/\/lugadapte.com\/wp-content\/uploads\/2023\/10\/3582369-60x60.jpg 60w\" sizes=\"auto, (max-width: 600px) 100vw, 600px\" \/><\/p>\n","protected":false},"excerpt":{"rendered":"<p>Le m\u00e9tier de coach sportif consiste \u00e0 \u00e9laborer des programmes sportifs adapt\u00e9s aux besoins et aux objectifs de ses clients. Il peut travailler dans un club de sport, une salle de remise en forme ou \u00e0 domicile. Le coach sportif accompagne les usagers dans leur pratique sportive, individuellement ou en groupe, en tenant compte de [&hellip;]<\/p>\n","protected":false},"author":1,"featured_media":17,"parent":0,"menu_order":0,"comment_status":"closed","ping_status":"open","template":"","meta":{"footnotes":""},"class_list":["post-2","page","type-page","status-publish","has-post-thumbnail","hentry"],"_links":{"self":[{"href":"https:\/\/lugadapte.com\/index.php\/wp-json\/wp\/v2\/pages\/2","targetHints":{"allow":["GET"]}}],"collection":[{"href":"https:\/\/lugadapte.com\/index.php\/wp-json\/wp\/v2\/pages"}],"about":[{"href":"https:\/\/lugadapte.com\/index.php\/wp-json\/wp\/v2\/types\/page"}],"author":[{"embeddable":true,"href":"https:\/\/lugadapte.com\/index.php\/wp-json\/wp\/v2\/users\/1"}],"replies":[{"embeddable":true,"href":"https:\/\/lugadapte.com\/index.php\/wp-json\/wp\/v2\/comments?post=2"}],"version-history":[{"count":3,"href":"https:\/\/lugadapte.com\/index.php\/wp-json\/wp\/v2\/pages\/2\/revisions"}],"predecessor-version":[{"id":34,"href":"https:\/\/lugadapte.com\/index.php\/wp-json\/wp\/v2\/pages\/2\/revisions\/34"}],"wp:featuredmedia":[{"embeddable":true,"href":"https:\/\/lugadapte.com\/index.php\/wp-json\/wp\/v2\/media\/17"}],"wp:attachment":[{"href":"https:\/\/lugadapte.com\/index.php\/wp-json\/wp\/v2\/media?parent=2"}],"curies":[{"name":"wp","href":"https:\/\/api.w.org\/{rel}","templated":true}]}}