{"id":20,"date":"2023-10-08T20:29:16","date_gmt":"2023-10-08T18:29:16","guid":{"rendered":"http:\/\/lugadapte.com\/?page_id=20"},"modified":"2023-10-09T15:37:07","modified_gmt":"2023-10-09T13:37:07","slug":"le-sport-pour-tous","status":"publish","type":"page","link":"https:\/\/lugadapte.com\/index.php\/le-sport-pour-tous\/","title":{"rendered":"Le  sport pour tous"},"content":{"rendered":"\n<p>Le sport pour tous est un concept qui vise \u00e0 encourager la pratique sportive pour tous les individus, quels que soient leur \u00e2ge, leur sexe, leur condition physique ou leur niveau de comp\u00e9tence . En France, le sport pour tous est une politique publique qui a \u00e9t\u00e9 mise en place dans les ann\u00e9es 1970 pour promouvoir la pratique sportive aupr\u00e8s de tous les citoyens . Cette politique a \u00e9t\u00e9 renforc\u00e9e en 2004 avec la cr\u00e9ation du label \u201cSport pour tous\u201d qui vise \u00e0 encourager les initiatives locales en faveur de la pratique sportive .<\/p>\n\n\n\n<figure class=\"wp-block-image size-large\"><img loading=\"lazy\" decoding=\"async\" width=\"1024\" height=\"683\" src=\"https:\/\/lugadapte.com\/wp-content\/uploads\/2023\/10\/5326173-1024x683.jpg\" alt=\"\" class=\"wp-image-15\" srcset=\"https:\/\/lugadapte.com\/wp-content\/uploads\/2023\/10\/5326173-1024x683.jpg 1024w, https:\/\/lugadapte.com\/wp-content\/uploads\/2023\/10\/5326173-300x200.jpg 300w, https:\/\/lugadapte.com\/wp-content\/uploads\/2023\/10\/5326173-768x512.jpg 768w, https:\/\/lugadapte.com\/wp-content\/uploads\/2023\/10\/5326173-1536x1024.jpg 1536w, https:\/\/lugadapte.com\/wp-content\/uploads\/2023\/10\/5326173-2048x1365.jpg 2048w, https:\/\/lugadapte.com\/wp-content\/uploads\/2023\/10\/5326173-90x60.jpg 90w\" sizes=\"auto, (max-width: 1024px) 100vw, 1024px\" \/><\/figure>\n\n\n\n<p>Le sport pour tous pr\u00e9sente de nombreux avantages pour la sant\u00e9 physique et mentale des individus. En effet, la pratique r\u00e9guli\u00e8re d\u2019une activit\u00e9 physique peut aider \u00e0 pr\u00e9venir les maladies cardiovasculaires, l\u2019ob\u00e9sit\u00e9, le diab\u00e8te et certains cancers . De plus, le sport peut aider \u00e0 am\u00e9liorer la qualit\u00e9 de vie en r\u00e9duisant le stress, l\u2019anxi\u00e9t\u00e9 et la d\u00e9pression .<\/p>\n\n\n\n<p>En France, le sport pour tous est accessible \u00e0 tous les niveaux gr\u00e2ce \u00e0 une offre vari\u00e9e d\u2019activit\u00e9s sportives propos\u00e9es par les clubs et les associations sportives . Les municipalit\u00e9s et les collectivit\u00e9s territoriales jouent \u00e9galement un r\u00f4le important dans la promotion du sport pour tous en proposant des \u00e9quipements sportifs accessibles \u00e0 tous . En outre, des \u00e9v\u00e9nements sportifs tels que la F\u00eate du Sport sont organis\u00e9s chaque ann\u00e9e pour promouvoir la pratique sportive aupr\u00e8s du grand public .<\/p>\n\n\n\n<p>En somme, le sport pour tous est une politique publique importante en France qui vise \u00e0 encourager la pratique sportive pour tous les individus. Cette politique pr\u00e9sente de nombreux avantages pour la sant\u00e9 physique et mentale des individus et est accessible \u00e0 tous les niveaux gr\u00e2ce \u00e0 une offre vari\u00e9e d\u2019activit\u00e9s sportives propos\u00e9es par les clubs et les associations sportives.<\/p>\n","protected":false},"excerpt":{"rendered":"<p>Le sport pour tous est un concept qui vise \u00e0 encourager la pratique sportive pour tous les individus, quels que soient leur \u00e2ge, leur sexe, leur condition physique ou leur niveau de comp\u00e9tence . En France, le sport pour tous est une politique publique qui a \u00e9t\u00e9 mise en place dans les ann\u00e9es 1970 pour [&hellip;]<\/p>\n","protected":false},"author":1,"featured_media":21,"parent":0,"menu_order":0,"comment_status":"closed","ping_status":"closed","template":"","meta":{"footnotes":""},"class_list":["post-20","page","type-page","status-publish","has-post-thumbnail","hentry"],"_links":{"self":[{"href":"https:\/\/lugadapte.com\/index.php\/wp-json\/wp\/v2\/pages\/20","targetHints":{"allow":["GET"]}}],"collection":[{"href":"https:\/\/lugadapte.com\/index.php\/wp-json\/wp\/v2\/pages"}],"about":[{"href":"https:\/\/lugadapte.com\/index.php\/wp-json\/wp\/v2\/types\/page"}],"author":[{"embeddable":true,"href":"https:\/\/lugadapte.com\/index.php\/wp-json\/wp\/v2\/users\/1"}],"replies":[{"embeddable":true,"href":"https:\/\/lugadapte.com\/index.php\/wp-json\/wp\/v2\/comments?post=20"}],"version-history":[{"count":2,"href":"https:\/\/lugadapte.com\/index.php\/wp-json\/wp\/v2\/pages\/20\/revisions"}],"predecessor-version":[{"id":36,"href":"https:\/\/lugadapte.com\/index.php\/wp-json\/wp\/v2\/pages\/20\/revisions\/36"}],"wp:featuredmedia":[{"embeddable":true,"href":"https:\/\/lugadapte.com\/index.php\/wp-json\/wp\/v2\/media\/21"}],"wp:attachment":[{"href":"https:\/\/lugadapte.com\/index.php\/wp-json\/wp\/v2\/media?parent=20"}],"curies":[{"name":"wp","href":"https:\/\/api.w.org\/{rel}","templated":true}]}}