{"id":46,"date":"2023-10-16T17:52:42","date_gmt":"2023-10-16T15:52:42","guid":{"rendered":"https:\/\/lugadapte.com\/?page_id=46"},"modified":"2023-12-06T21:28:54","modified_gmt":"2023-12-06T20:28:54","slug":"notre-projet","status":"publish","type":"page","link":"https:\/\/lugadapte.com\/index.php\/notre-projet\/","title":{"rendered":"Notre Projet"},"content":{"rendered":"\n<h2 class=\"wp-block-heading\"><strong>Notre projet repr\u00e9sente le sport pour tous !<\/strong><\/h2>\n\n\n\n<p class=\"has-text-align-center\"><img loading=\"lazy\" decoding=\"async\" width=\"600\" height=\"452\" class=\"wp-image-51\" style=\"width: 600px;\" src=\"https:\/\/lugadapte.com\/wp-content\/uploads\/2023\/10\/handy_louna.jpg\" alt=\"Handy sport, dessin de Louna et Louis\" srcset=\"https:\/\/lugadapte.com\/wp-content\/uploads\/2023\/10\/handy_louna.jpg 1040w, https:\/\/lugadapte.com\/wp-content\/uploads\/2023\/10\/handy_louna-300x226.jpg 300w, https:\/\/lugadapte.com\/wp-content\/uploads\/2023\/10\/handy_louna-1024x771.jpg 1024w, https:\/\/lugadapte.com\/wp-content\/uploads\/2023\/10\/handy_louna-768x578.jpg 768w\" sizes=\"auto, (max-width: 600px) 100vw, 600px\" \/><\/p>\n\n\n\n<p><br><\/p>\n\n\n\n<p>En effet, nous souhaitons devenir \u00e9ducateurs sportifs pour les personnes atteints d&nbsp; handicaps.&nbsp;<\/p>\n\n\n\n<p>Dans ce m\u00e9tier,&nbsp; notre r\u00f4le est d\u2019aider les individus atteints d\u2019handicaps physiques, mentaux ou sensoriels \u00e0 participer \u00e0 des activit\u00e9s sportives adapt\u00e9es \u00e0 leurs besoins.\u2028Nous sommes convaincus que l\u2019handicap physique ne peut en rien briser des r\u00eaves et objectifs dans le domaine sportif et notre m\u00e9tier consiste \u00e0 accompagner ceux qui ont de tels objectifs.\u2028Le sport peut d\u2019une mani\u00e8re sauver des vies et nous sommes impatients de mettre en \u0153uvre nos connaissances sur ce sujet\u2028Si vous aussi \u00eates int\u00e9ress\u00e9s par ce m\u00e9tier<\/p>\n\n\n\n<p><\/p>\n\n\n\n<pre class=\"wp-block-preformatted\"><a href=\"https:\/\/lugadapte.com\/\"><strong>Renseignez vous sur mon site<\/strong> !<\/a><\/pre>\n\n\n\n<p><\/p>\n\n\n\n<p><\/p>\n","protected":false},"excerpt":{"rendered":"<p>Notre projet repr\u00e9sente le sport pour tous ! En effet, nous souhaitons devenir \u00e9ducateurs sportifs pour les personnes atteints d&nbsp; handicaps.&nbsp; Dans ce m\u00e9tier,&nbsp; notre r\u00f4le est d\u2019aider les individus atteints d\u2019handicaps physiques, mentaux ou sensoriels \u00e0 participer \u00e0 des activit\u00e9s sportives adapt\u00e9es \u00e0 leurs besoins.\u2028Nous sommes convaincus que l\u2019handicap physique ne peut en rien [&hellip;]<\/p>\n","protected":false},"author":1,"featured_media":51,"parent":0,"menu_order":0,"comment_status":"closed","ping_status":"closed","template":"","meta":{"footnotes":""},"class_list":["post-46","page","type-page","status-publish","has-post-thumbnail","hentry"],"_links":{"self":[{"href":"https:\/\/lugadapte.com\/index.php\/wp-json\/wp\/v2\/pages\/46","targetHints":{"allow":["GET"]}}],"collection":[{"href":"https:\/\/lugadapte.com\/index.php\/wp-json\/wp\/v2\/pages"}],"about":[{"href":"https:\/\/lugadapte.com\/index.php\/wp-json\/wp\/v2\/types\/page"}],"author":[{"embeddable":true,"href":"https:\/\/lugadapte.com\/index.php\/wp-json\/wp\/v2\/users\/1"}],"replies":[{"embeddable":true,"href":"https:\/\/lugadapte.com\/index.php\/wp-json\/wp\/v2\/comments?post=46"}],"version-history":[{"count":6,"href":"https:\/\/lugadapte.com\/index.php\/wp-json\/wp\/v2\/pages\/46\/revisions"}],"predecessor-version":[{"id":57,"href":"https:\/\/lugadapte.com\/index.php\/wp-json\/wp\/v2\/pages\/46\/revisions\/57"}],"wp:featuredmedia":[{"embeddable":true,"href":"https:\/\/lugadapte.com\/index.php\/wp-json\/wp\/v2\/media\/51"}],"wp:attachment":[{"href":"https:\/\/lugadapte.com\/index.php\/wp-json\/wp\/v2\/media?parent=46"}],"curies":[{"name":"wp","href":"https:\/\/api.w.org\/{rel}","templated":true}]}}